{"id":440,"date":"2022-10-17T07:03:13","date_gmt":"2022-10-17T07:03:13","guid":{"rendered":"https:\/\/mihaelarosiupsiholog.com\/?page_id=440"},"modified":"2023-12-23T16:35:11","modified_gmt":"2023-12-23T14:35:11","slug":"services-4","status":"publish","type":"page","link":"https:\/\/mihaelarosiupsiholog.com\/?page_id=440","title":{"rendered":"Servicii"},"content":{"rendered":"\n<div class=\"wp-block-uagb-container uagb-block-bb76ffd8 alignfull uagb-is-root-container\"><div class=\"uagb-container-inner-blocks-wrap\">\n<div class=\"wp-block-uagb-advanced-heading uagb-block-55975aef\"><h1 class=\"uagb-heading-text\">SERVICII<\/h1><\/div>\n<\/div><\/div>\n\n\n\n<div class=\"wp-block-buttons alignfull is-content-justification-center is-layout-flex wp-container-core-buttons-is-layout-1 wp-block-buttons-is-layout-flex\" style=\"margin-top:var(--wp--preset--spacing--70);margin-bottom:var(--wp--preset--spacing--70)\">\n<div class=\"wp-block-button has-custom-width wp-block-button__width-50 is-style-fill\"><a class=\"wp-block-button__link has-ast-global-color-2-color has-ast-global-color-5-background-color has-text-color has-background has-border-color has-ast-global-color-2-border-color has-text-align-center wp-element-button\" href=\"https:\/\/mihaelarosiupsiholog.com\/?page_id=444\" style=\"border-width:1px;padding-right:var(--wp--preset--spacing--20);padding-left:var(--wp--preset--spacing--20)\" rel=\"\">CONTACTA\u021aI-M\u0102<\/a><\/div>\n<\/div>\n\n\n\n<div class=\"wp-block-uagb-container uagb-block-07ef4723 alignfull uagb-is-root-container\"><div class=\"uagb-container-inner-blocks-wrap\">\n<div class=\"wp-block-uagb-container uagb-block-3badc9eb\">\n<h3 class=\"wp-block-heading\">Terapie copii \u0219i adolescen\u021bi<\/h3>\n\n\n\n<p>Terapia pentru copii \u0219i adolescen\u021bi (individual\u0103 sau de grup) este un proces specializat de \u00eengrijire mintal\u0103 destinat s\u0103 abordeze problemele emo\u021bionale, sociale \u0219i comportamentale \u00eent\u00e2lnite \u00een timpul copil\u0103riei \u0219i adolescen\u021bei.<\/p>\n<\/div>\n\n\n\n<div class=\"wp-block-uagb-container uagb-block-4170b3de\">\n<div class=\"wp-block-uagb-image aligncenter uagb-block-1801595c wp-block-uagb-image--layout-default wp-block-uagb-image--effect-static wp-block-uagb-image--align-center\"><figure class=\"wp-block-uagb-image__figure\"><img decoding=\"async\" srcset=\"https:\/\/mihaelarosiupsiholog.com\/wp-content\/uploads\/2023\/11\/Terapie1.webp ,https:\/\/mihaelarosiupsiholog.com\/wp-content\/uploads\/2023\/11\/Terapie1.webp 780w, https:\/\/mihaelarosiupsiholog.com\/wp-content\/uploads\/2023\/11\/Terapie1.webp 360w\" sizes=\"(max-width: 480px) 150px\" src=\"https:\/\/mihaelarosiupsiholog.com\/wp-content\/uploads\/2023\/11\/Terapie1.webp\" alt=\"\" class=\"uag-image-1051\" width=\"515\" height=\"408\" title=\"\" loading=\"lazy\"\/><\/figure><\/div>\n<\/div>\n<\/div><\/div>\n\n\n\n<div class=\"wp-block-uagb-container uagb-block-c4c57e58 alignfull uagb-is-root-container\"><div class=\"uagb-container-inner-blocks-wrap\">\n<div class=\"wp-block-uagb-container uagb-block-857d6001\">\n<div class=\"wp-block-uagb-image aligncenter uagb-block-55d26514 wp-block-uagb-image--layout-default wp-block-uagb-image--effect-static wp-block-uagb-image--align-center\"><figure class=\"wp-block-uagb-image__figure\"><img decoding=\"async\" srcset=\"https:\/\/mihaelarosiupsiholog.com\/wp-content\/uploads\/2023\/11\/Terapie2.webp ,https:\/\/mihaelarosiupsiholog.com\/wp-content\/uploads\/2023\/11\/Terapie2.webp 780w, https:\/\/mihaelarosiupsiholog.com\/wp-content\/uploads\/2023\/11\/Terapie2.webp 360w\" sizes=\"(max-width: 480px) 150px\" src=\"https:\/\/mihaelarosiupsiholog.com\/wp-content\/uploads\/2023\/11\/Terapie2.webp\" alt=\"\" class=\"uag-image-1056\" width=\"515\" height=\"408\" title=\"\" loading=\"lazy\"\/><\/figure><\/div>\n<\/div>\n\n\n\n<div class=\"wp-block-uagb-container uagb-block-bc8bba1f\">\n<h3 class=\"wp-block-heading\">Evaluare psihologic\u0103 clinic\u0103<\/h3>\n\n\n\n<p>Evaluarea psihologic\u0103 clinic\u0103 (psihodiacnostic) reprezint\u0103 un proces complex \u0219i specializat utilizat \u00een domeniul s\u0103n\u0103t\u0103\u021bii mintale. Scopul acestei evalu\u0103ri este s\u0103 ofere o \u00een\u021belegere detaliat\u0103 a st\u0103rii psihologice a unei persoane.<\/p>\n<\/div>\n<\/div><\/div>\n\n\n\n<div class=\"wp-block-uagb-container uagb-block-ba229c41 alignfull uagb-is-root-container\"><div class=\"uagb-container-inner-blocks-wrap\">\n<div class=\"wp-block-uagb-container uagb-block-9cd4390f\">\n<h3 class=\"wp-block-heading\">Evaluare ADHD, Autism<\/h3>\n\n\n\n<p>Evaluarea tulbur\u0103rilor cum ar fi ADHD (Tulburarea de deficit de aten\u021bie, cu sau f\u0103r\u0103 hiperactivitate \/ impulsivitate) \u0219i autismul implic\u0103 o abordare multidisciplinar\u0103.<\/p>\n<\/div>\n\n\n\n<div class=\"wp-block-uagb-container uagb-block-1a727da3\">\n<div class=\"wp-block-uagb-image aligncenter uagb-block-0c7ec733 wp-block-uagb-image--layout-default wp-block-uagb-image--effect-static wp-block-uagb-image--align-center\"><figure class=\"wp-block-uagb-image__figure\"><img decoding=\"async\" srcset=\"https:\/\/mihaelarosiupsiholog.com\/wp-content\/uploads\/2023\/11\/Terapie-4-1.webp ,https:\/\/mihaelarosiupsiholog.com\/wp-content\/uploads\/2023\/11\/Terapie-4-1.webp 780w, https:\/\/mihaelarosiupsiholog.com\/wp-content\/uploads\/2023\/11\/Terapie-4-1.webp 360w\" sizes=\"(max-width: 480px) 150px\" src=\"https:\/\/mihaelarosiupsiholog.com\/wp-content\/uploads\/2023\/11\/Terapie-4-1.webp\" alt=\"\" class=\"uag-image-1067\" width=\"515\" height=\"408\" title=\"\" loading=\"lazy\"\/><\/figure><\/div>\n<\/div>\n<\/div><\/div>\n\n\n\n<div class=\"wp-block-uagb-container uagb-block-e2b6bb88 alignfull uagb-is-root-container\"><div class=\"uagb-container-inner-blocks-wrap\">\n<div class=\"wp-block-uagb-container uagb-block-b38412f9\">\n<div class=\"wp-block-uagb-image aligncenter uagb-block-a15402cd wp-block-uagb-image--layout-default wp-block-uagb-image--effect-static wp-block-uagb-image--align-center\"><figure class=\"wp-block-uagb-image__figure\"><img decoding=\"async\" srcset=\"https:\/\/mihaelarosiupsiholog.com\/wp-content\/uploads\/2023\/11\/Terapie-20.webp ,https:\/\/mihaelarosiupsiholog.com\/wp-content\/uploads\/2023\/11\/Terapie-20.webp 780w, https:\/\/mihaelarosiupsiholog.com\/wp-content\/uploads\/2023\/11\/Terapie-20.webp 360w\" sizes=\"(max-width: 480px) 150px\" src=\"https:\/\/mihaelarosiupsiholog.com\/wp-content\/uploads\/2023\/11\/Terapie-20.webp\" alt=\"\" class=\"uag-image-1110\" width=\"515\" height=\"408\" title=\"\" loading=\"lazy\"\/><\/figure><\/div>\n<\/div>\n\n\n\n<div class=\"wp-block-uagb-container uagb-block-af5898f6\">\n<h3 class=\"wp-block-heading\">Consiliere dezvoltare personal\u0103<\/h3>\n\n\n\n<p>Consilierea \u00een dezvoltarea personal\u0103 reprezint\u0103 un proces \u00een care un individ lucreaz\u0103 \u00eempreun\u0103 cu un consilier pentru a explora \u0219i a-\u0219i \u00eembun\u0103t\u0103\u021bi starea general\u0103.<\/p>\n<\/div>\n<\/div><\/div>\n\n\n\n<div class=\"wp-block-uagb-container uagb-block-0a1932c6 alignfull uagb-is-root-container\"><div class=\"uagb-container-inner-blocks-wrap\">\n<div class=\"wp-block-uagb-container uagb-block-e5badd3f\">\n<h3 class=\"wp-block-heading\">Terapie cognitiv-comportamental\u0103<\/h3>\n\n\n\n<p>Terapia cognitiv-comportamental\u0103 (TCC) este o form\u0103 de terapie psihologic\u0103 centrat\u0103 pe \u00eembun\u0103t\u0103\u021birea st\u0103rii emo\u021bionale \u0219i func\u021bionarea general\u0103 a unei persoane.<\/p>\n<\/div>\n\n\n\n<div class=\"wp-block-uagb-container uagb-block-af3dfa5f\">\n<div class=\"wp-block-uagb-image aligncenter uagb-block-08b8a15e wp-block-uagb-image--layout-default wp-block-uagb-image--effect-static wp-block-uagb-image--align-center\"><figure class=\"wp-block-uagb-image__figure\"><img decoding=\"async\" srcset=\"https:\/\/mihaelarosiupsiholog.com\/wp-content\/uploads\/2023\/11\/Terapie-21.webp ,https:\/\/mihaelarosiupsiholog.com\/wp-content\/uploads\/2023\/11\/Terapie-21.webp 780w, https:\/\/mihaelarosiupsiholog.com\/wp-content\/uploads\/2023\/11\/Terapie-21.webp 360w\" sizes=\"(max-width: 480px) 150px\" src=\"https:\/\/mihaelarosiupsiholog.com\/wp-content\/uploads\/2023\/11\/Terapie-21.webp\" alt=\"\" class=\"uag-image-1111\" width=\"515\" height=\"408\" title=\"\" loading=\"lazy\"\/><\/figure><\/div>\n<\/div>\n<\/div><\/div>\n\n\n\n<div class=\"wp-block-uagb-container uagb-block-87929368 alignfull uagb-is-root-container\"><div class=\"uagb-container-inner-blocks-wrap\">\n<div class=\"wp-block-uagb-container uagb-block-4da4a4ca\">\n<div class=\"wp-block-uagb-image aligncenter uagb-block-2e767604 wp-block-uagb-image--layout-default wp-block-uagb-image--effect-static wp-block-uagb-image--align-center\"><figure class=\"wp-block-uagb-image__figure\"><img decoding=\"async\" srcset=\"https:\/\/mihaelarosiupsiholog.com\/wp-content\/uploads\/2023\/11\/Terapie-22.webp ,https:\/\/mihaelarosiupsiholog.com\/wp-content\/uploads\/2023\/11\/Terapie-22.webp 780w, https:\/\/mihaelarosiupsiholog.com\/wp-content\/uploads\/2023\/11\/Terapie-22.webp 360w\" sizes=\"(max-width: 480px) 150px\" src=\"https:\/\/mihaelarosiupsiholog.com\/wp-content\/uploads\/2023\/11\/Terapie-22.webp\" alt=\"\" class=\"uag-image-1117\" width=\"515\" height=\"408\" title=\"\" loading=\"lazy\"\/><\/figure><\/div>\n<\/div>\n\n\n\n<div class=\"wp-block-uagb-container uagb-block-b68702cd\">\n<h3 class=\"wp-block-heading\">Terapia tulbur\u0103rilor de limbaj (logopedie)<\/h3>\n\n\n\n<p>Terapia tulbur\u0103rilor de limbaj, realizat\u0103 de logopezi, se concentreaz\u0103 pe evaluarea \u0219i interven\u021bia \u00een cazul dificult\u0103\u021bilor legate de limbajul vorbit \u0219i scris.<\/p>\n<\/div>\n<\/div><\/div>\n\n\n\n<div class=\"wp-block-uagb-container uagb-block-61844421 alignfull uagb-is-root-container\"><div class=\"uagb-container-inner-blocks-wrap\">\n<div class=\"wp-block-uagb-container uagb-block-7bd6f630\">\n<h3 class=\"wp-block-heading\">Terapie adul\u021bi \/ de cuplu<\/h3>\n\n\n\n<p>Terapia pentru adul\u021bi sau de cuplu reprezint\u0103 un proces de consiliere specializat, care vizeaz\u0103 \u00eembun\u0103t\u0103\u021birea bun\u0103st\u0103rii individuale sau rela\u021bionale.<\/p>\n<\/div>\n\n\n\n<div class=\"wp-block-uagb-container uagb-block-5a60f06e\">\n<div class=\"wp-block-uagb-image aligncenter uagb-block-979e6fb1 wp-block-uagb-image--layout-default wp-block-uagb-image--effect-static wp-block-uagb-image--align-center\"><figure class=\"wp-block-uagb-image__figure\"><img decoding=\"async\" srcset=\"https:\/\/mihaelarosiupsiholog.com\/wp-content\/uploads\/2023\/11\/Terapie-23.webp ,https:\/\/mihaelarosiupsiholog.com\/wp-content\/uploads\/2023\/11\/Terapie-23.webp 780w, https:\/\/mihaelarosiupsiholog.com\/wp-content\/uploads\/2023\/11\/Terapie-23.webp 360w\" sizes=\"(max-width: 480px) 150px\" src=\"https:\/\/mihaelarosiupsiholog.com\/wp-content\/uploads\/2023\/11\/Terapie-23.webp\" alt=\"\" class=\"uag-image-1118\" width=\"515\" height=\"408\" title=\"\" loading=\"lazy\"\/><\/figure><\/div>\n<\/div>\n<\/div><\/div>\n\n\n\n<div class=\"wp-block-uagb-container uagb-block-6f8d5878 alignfull uagb-is-root-container\"><div class=\"uagb-container-inner-blocks-wrap\">\n<div class=\"wp-block-uagb-container uagb-block-540468bd\">\n<div class=\"wp-block-uagb-image aligncenter uagb-block-de69ffa0 wp-block-uagb-image--layout-default wp-block-uagb-image--effect-static wp-block-uagb-image--align-center\"><figure class=\"wp-block-uagb-image__figure\"><img decoding=\"async\" srcset=\"https:\/\/mihaelarosiupsiholog.com\/wp-content\/uploads\/2023\/11\/Terapie-24.webp ,https:\/\/mihaelarosiupsiholog.com\/wp-content\/uploads\/2023\/11\/Terapie-24.webp 780w, https:\/\/mihaelarosiupsiholog.com\/wp-content\/uploads\/2023\/11\/Terapie-24.webp 360w\" sizes=\"(max-width: 480px) 150px\" src=\"https:\/\/mihaelarosiupsiholog.com\/wp-content\/uploads\/2023\/11\/Terapie-24.webp\" alt=\"\" class=\"uag-image-1122\" width=\"515\" height=\"408\" title=\"\" loading=\"lazy\"\/><\/figure><\/div>\n<\/div>\n\n\n\n<div class=\"wp-block-uagb-container uagb-block-2cd9c420\">\n<h3 class=\"wp-block-heading\">Terapie prin art\u0103<\/h3>\n\n\n\n<p>Terapia prin art\u0103 este o form\u0103 de interven\u021bie terapeutic\u0103 care utilizeaz\u0103 procesul creativ \u0219i exprimarea artistic\u0103 pentru a sprijini explorarea emo\u021biilor \u0219i \u00eembun\u0103t\u0103\u021birea st\u0103rii de bine.<\/p>\n<\/div>\n<\/div><\/div>\n\n\n\n<div class=\"wp-block-uagb-container uagb-block-e3bd1356 alignfull uagb-is-root-container\"><div class=\"uagb-container-inner-blocks-wrap\">\n<div class=\"wp-block-uagb-container uagb-block-001629ab\">\n<h3 class=\"wp-block-heading\">Psihoterapie integrativ\u0103<\/h3>\n\n\n\n<p>Psihoterapia integrativ\u0103 este o abordare terapeutic\u0103 care \u00eembin\u0103 tehnici \u0219i principii din mai multe modalit\u0103\u021bi diferite de psihoterapie, integr\u00e2nd aspecte din diverse \u0219coli \u0219i orient\u0103ri psihologice.<\/p>\n<\/div>\n\n\n\n<div class=\"wp-block-uagb-container uagb-block-b8c51b34\">\n<div class=\"wp-block-uagb-image aligncenter uagb-block-86a4c985 wp-block-uagb-image--layout-default wp-block-uagb-image--effect-static wp-block-uagb-image--align-center\"><figure class=\"wp-block-uagb-image__figure\"><img decoding=\"async\" srcset=\"https:\/\/mihaelarosiupsiholog.com\/wp-content\/uploads\/2023\/11\/Terapie-25.webp ,https:\/\/mihaelarosiupsiholog.com\/wp-content\/uploads\/2023\/11\/Terapie-25.webp 780w, https:\/\/mihaelarosiupsiholog.com\/wp-content\/uploads\/2023\/11\/Terapie-25.webp 360w\" sizes=\"(max-width: 480px) 150px\" src=\"https:\/\/mihaelarosiupsiholog.com\/wp-content\/uploads\/2023\/11\/Terapie-25.webp\" alt=\"\" class=\"uag-image-1124\" width=\"515\" height=\"408\" title=\"\" loading=\"lazy\"\/><\/figure><\/div>\n<\/div>\n<\/div><\/div>\n\n\n\n<div class=\"wp-block-uagb-container uagb-block-af490483 alignfull uagb-is-root-container\"><div class=\"uagb-container-inner-blocks-wrap\">\n<div class=\"wp-block-uagb-call-to-action uagb-block-44ec8c13 wp-block-button\"><div class=\"uagb-cta__wrap\"><h2 class=\"uagb-cta__title\">CONTACT<\/h2><p class=\"uagb-cta__desc\">Ave\u021bi \u00eentreb\u0103ri? M\u0103 pute\u021bi contacta prin metodele de mai jos. <\/p><\/div><div class=\"uagb-cta__buttons\"><a href=\"\/\/mihaelarosiupsiholog.com\/?page_id=444\" class=\"uagb-cta__button-link-wrapper wp-block-button__link\" target=\"_self\" rel=\"noopener noreferrer\">CONTACTA\u021aI-M\u0102<\/a><\/div><\/div>\n<\/div><\/div>\n","protected":false},"excerpt":{"rendered":"<p>SERVICII Terapie copii \u0219i adolescen\u021bi Terapia pentru copii \u0219i adolescen\u021bi (individual\u0103 sau de grup) este un proces specializat de \u00eengrijire mintal\u0103 destinat s\u0103 abordeze problemele emo\u021bionale, sociale \u0219i comportamentale \u00eent\u00e2lnite \u00een timpul copil\u0103riei \u0219i adolescen\u021bei. Evaluare psihologic\u0103 clinic\u0103 Evaluarea psihologic\u0103 clinic\u0103 (psihodiacnostic) reprezint\u0103 un proces complex \u0219i specializat utilizat \u00een domeniul s\u0103n\u0103t\u0103\u021bii mintale. Scopul acestei [&hellip;]<\/p>\n","protected":false},"author":1,"featured_media":0,"parent":0,"menu_order":0,"comment_status":"closed","ping_status":"closed","template":"","meta":{"_uag_custom_page_level_css":"","site-sidebar-layout":"default","site-content-layout":"","ast-site-content-layout":"default","site-content-style":"default","site-sidebar-style":"default","ast-global-header-display":"","ast-banner-title-visibility":"","ast-main-header-display":"","ast-hfb-above-header-display":"","ast-hfb-below-header-display":"","ast-hfb-mobile-header-display":"","site-post-title":"disabled","ast-breadcrumbs-content":"","ast-featured-img":"","footer-sml-layout":"","ast-disable-related-posts":"","theme-transparent-header-meta":"enabled","adv-header-id-meta":"","stick-header-meta":"","header-above-stick-meta":"","header-main-stick-meta":"","header-below-stick-meta":"","astra-migrate-meta-layouts":"set","ast-page-background-enabled":"default","ast-page-background-meta":{"desktop":{"background-color":"var(--ast-global-color-4)","background-image":"","background-repeat":"repeat","background-position":"center center","background-size":"auto","background-attachment":"scroll","background-type":"","background-media":"","overlay-type":"","overlay-color":"","overlay-opacity":"","overlay-gradient":""},"tablet":{"background-color":"","background-image":"","background-repeat":"repeat","background-position":"center center","background-size":"auto","background-attachment":"scroll","background-type":"","background-media":"","overlay-type":"","overlay-color":"","overlay-opacity":"","overlay-gradient":""},"mobile":{"background-color":"","background-image":"","background-repeat":"repeat","background-position":"center center","background-size":"auto","background-attachment":"scroll","background-type":"","background-media":"","overlay-type":"","overlay-color":"","overlay-opacity":"","overlay-gradient":""}},"ast-content-background-meta":{"desktop":{"background-color":"var(--ast-global-color-5)","background-image":"","background-repeat":"repeat","background-position":"center center","background-size":"auto","background-attachment":"scroll","background-type":"","background-media":"","overlay-type":"","overlay-color":"","overlay-opacity":"","overlay-gradient":""},"tablet":{"background-color":"var(--ast-global-color-5)","background-image":"","background-repeat":"repeat","background-position":"center center","background-size":"auto","background-attachment":"scroll","background-type":"","background-media":"","overlay-type":"","overlay-color":"","overlay-opacity":"","overlay-gradient":""},"mobile":{"background-color":"var(--ast-global-color-5)","background-image":"","background-repeat":"repeat","background-position":"center center","background-size":"auto","background-attachment":"scroll","background-type":"","background-media":"","overlay-type":"","overlay-color":"","overlay-opacity":"","overlay-gradient":""}},"footnotes":""},"jetpack_sharing_enabled":true,"uagb_featured_image_src":{"full":false,"thumbnail":false,"medium":false,"medium_large":false,"large":false,"1536x1536":false,"2048x2048":false},"uagb_author_info":{"display_name":"mihaelarosiupsiholog.com","author_link":"https:\/\/mihaelarosiupsiholog.com\/?author=1"},"uagb_comment_info":0,"uagb_excerpt":"SERVICII Terapie copii \u0219i adolescen\u021bi Terapia pentru copii \u0219i adolescen\u021bi (individual\u0103 sau de grup) este un proces specializat de \u00eengrijire mintal\u0103 destinat s\u0103 abordeze problemele emo\u021bionale, sociale \u0219i comportamentale \u00eent\u00e2lnite \u00een timpul copil\u0103riei \u0219i adolescen\u021bei. Evaluare psihologic\u0103 clinic\u0103 Evaluarea psihologic\u0103 clinic\u0103 (psihodiacnostic) reprezint\u0103 un proces complex \u0219i specializat utilizat \u00een domeniul s\u0103n\u0103t\u0103\u021bii mintale. Scopul acestei&hellip;","_links":{"self":[{"href":"https:\/\/mihaelarosiupsiholog.com\/index.php?rest_route=\/wp\/v2\/pages\/440"}],"collection":[{"href":"https:\/\/mihaelarosiupsiholog.com\/index.php?rest_route=\/wp\/v2\/pages"}],"about":[{"href":"https:\/\/mihaelarosiupsiholog.com\/index.php?rest_route=\/wp\/v2\/types\/page"}],"author":[{"embeddable":true,"href":"https:\/\/mihaelarosiupsiholog.com\/index.php?rest_route=\/wp\/v2\/users\/1"}],"replies":[{"embeddable":true,"href":"https:\/\/mihaelarosiupsiholog.com\/index.php?rest_route=%2Fwp%2Fv2%2Fcomments&post=440"}],"version-history":[{"count":57,"href":"https:\/\/mihaelarosiupsiholog.com\/index.php?rest_route=\/wp\/v2\/pages\/440\/revisions"}],"predecessor-version":[{"id":1206,"href":"https:\/\/mihaelarosiupsiholog.com\/index.php?rest_route=\/wp\/v2\/pages\/440\/revisions\/1206"}],"wp:attachment":[{"href":"https:\/\/mihaelarosiupsiholog.com\/index.php?rest_route=%2Fwp%2Fv2%2Fmedia&parent=440"}],"curies":[{"name":"wp","href":"https:\/\/api.w.org\/{rel}","templated":true}]}}