{"id":78,"date":"2022-10-17T07:03:13","date_gmt":"2022-10-17T07:03:13","guid":{"rendered":"https:\/\/mihaelarosiupsiholog.com\/?page_id=78"},"modified":"2023-12-19T12:17:23","modified_gmt":"2023-12-19T10:17:23","slug":"home","status":"publish","type":"page","link":"https:\/\/mihaelarosiupsiholog.com\/","title":{"rendered":"Acas\u0103"},"content":{"rendered":"\n<div class=\"wp-block-uagb-container uagb-block-597c3f26 alignfull uagb-is-root-container\">\n<div class=\"wp-block-uagb-advanced-heading uagb-block-48feaf01\"><h1 class=\"uagb-heading-text\">MIHAELA RO\u0218IU\u200b<\/h1><\/div>\n\n\n\n<div class=\"wp-block-group is-layout-constrained wp-block-group-is-layout-constrained\">\n<div class=\"wp-block-columns is-layout-flex wp-container-core-columns-is-layout-1 wp-block-columns-is-layout-flex\">\n<div class=\"wp-block-column is-layout-flow wp-block-column-is-layout-flow\" style=\"flex-basis:100%\">\n<h2 class=\"wp-block-heading has-text-align-center\">PSIHOLOG<\/h2>\n<\/div>\n<\/div>\n<\/div>\n<\/div>\n\n\n\n<div style=\"height:100px\" aria-hidden=\"true\" class=\"wp-block-spacer\"><\/div>\n\n\n\n<h2 class=\"wp-block-heading has-text-align-center\">PSIHOLOGIE \u0218I PSIHOTERAPIE CONSTAN\u021aA<\/h2>\n\n\n\n<div class=\"wp-block-buttons is-content-justification-center is-layout-flex wp-container-core-buttons-is-layout-1 wp-block-buttons-is-layout-flex\">\n<div class=\"wp-block-button has-custom-width wp-block-button__width-50 is-style-fill\"><a class=\"wp-block-button__link has-ast-global-color-2-color has-ast-global-color-5-background-color has-text-color has-background has-border-color has-ast-global-color-2-border-color has-text-align-center wp-element-button\" href=\"https:\/\/mihaelarosiupsiholog.com\/?page_id=444\" style=\"border-width:1px;padding-right:var(--wp--preset--spacing--20);padding-left:var(--wp--preset--spacing--20)\" rel=\"\">CONTACTA\u021aI-M\u0102<\/a><\/div>\n<\/div>\n\n\n\n<div class=\"wp-block-uagb-container uagb-block-7b054d8e alignfull uagb-is-root-container\"><div class=\"uagb-container-inner-blocks-wrap\">\n<div class=\"wp-block-uagb-container uagb-block-d5c6c3b5\">\n<div class=\"wp-block-uagb-info-box uagb-block-8d4266d1 uagb-infobox__content-wrap  uagb-infobox-icon-above-title uagb-infobox-image-valign-top\"><div class=\"uagb-ifb-content\"><div class=\"uagb-ifb-image-content\"><img decoding=\"async\" src=\"https:\/\/mihaelarosiupsiholog.com\/wp-content\/uploads\/2023\/11\/Terapie-copii-1.webp\" alt=\"\" width=\"100\" height=\"122\" loading=\"lazy\"\/><\/div><div class=\"uagb-ifb-title-wrap\"><h4 class=\"uagb-ifb-title\">Terapie copii \u0219i adolescen\u021bi<\/h4><\/div><p class=\"uagb-ifb-desc\">Terapia pentru copii \u0219i adolescen\u021bi (individual\u0103 sau de grup) este un proces specializat de \u00eengrijire mental\u0103 destinat s\u0103 abordeze problemele emo\u021bionale, sociale \u0219i comportamentale \u00eent\u00e2lnite \u00een timpul copil\u0103riei \u0219i adolescen\u021bei.<\/p><\/div><\/div>\n<\/div>\n\n\n\n<div class=\"wp-block-uagb-container uagb-block-93d09dff\">\n<div class=\"wp-block-uagb-info-box uagb-block-26a5dabe uagb-infobox__content-wrap  uagb-infobox-icon-above-title uagb-infobox-image-valign-top\"><div class=\"uagb-ifb-content\"><div class=\"uagb-ifb-image-content\"><img decoding=\"async\" src=\"https:\/\/mihaelarosiupsiholog.com\/wp-content\/uploads\/2023\/11\/Terapie-14.webp\" alt=\"\" width=\"100\" height=\"122\" loading=\"lazy\"\/><\/div><div class=\"uagb-ifb-title-wrap\"><h4 class=\"uagb-ifb-title\">Evaluare psihologic\u0103 clinic\u0103<\/h4><\/div><p class=\"uagb-ifb-desc\">Evaluarea psihologic\u0103 clinic\u0103 (psihodiacnostic) reprezint\u0103 un proces complex \u0219i specializat utilizat \u00een domeniul s\u0103n\u0103t\u0103\u021bii mintale. Scopul acestei evalu\u0103ri este s\u0103 ofere o \u00een\u021belegere detaliat\u0103 a st\u0103rii psihologice a unei persoane.<\/p><\/div><\/div>\n<\/div>\n\n\n\n<div class=\"wp-block-uagb-container uagb-block-d0de5011\">\n<div class=\"wp-block-uagb-info-box uagb-block-d9f7b5eb uagb-infobox__content-wrap  uagb-infobox-icon-above-title uagb-infobox-image-valign-top\"><div class=\"uagb-ifb-content\"><div class=\"uagb-ifb-image-content\"><img decoding=\"async\" src=\"https:\/\/mihaelarosiupsiholog.com\/wp-content\/uploads\/2023\/11\/Terapie-3-1.webp\" alt=\"\" width=\"100\" height=\"122\" loading=\"lazy\"\/><\/div><div class=\"uagb-ifb-title-wrap\"><h4 class=\"uagb-ifb-title\">Evaluare ADHD, Autism<\/h4><\/div><p class=\"uagb-ifb-desc\">Evaluarea tulbur\u0103rilor cum ar fi ADHD (Tulburarea de deficit de aten\u021bie, cu sau f\u0103r\u0103 hiperactivitate \/ impulsivitate) \u0219i autismul implic\u0103 o abordare multidisciplinar\u0103.<\/p><\/div><\/div>\n<\/div>\n<\/div><\/div>\n\n\n\n<div class=\"wp-block-uagb-container uagb-block-98eda312 alignfull uagb-is-root-container\"><div class=\"uagb-container-inner-blocks-wrap\">\n<div class=\"wp-block-uagb-container uagb-block-af0da214\">\n<div class=\"wp-block-uagb-info-box uagb-block-d8b585e1 uagb-infobox__content-wrap  uagb-infobox-icon-above-title uagb-infobox-image-valign-top\"><div class=\"uagb-ifb-content\"><div class=\"uagb-ifb-image-content\"><img decoding=\"async\" src=\"https:\/\/mihaelarosiupsiholog.com\/wp-content\/uploads\/2023\/11\/Terapie-2.webp\" alt=\"\" width=\"100\" height=\"122\" loading=\"lazy\"\/><\/div><div class=\"uagb-ifb-title-wrap\"><h4 class=\"uagb-ifb-title\">Consiliere dezvoltare personal\u0103<\/h4><\/div><p class=\"uagb-ifb-desc\">Consilierea \u00een dezvoltarea personal\u0103 reprezint\u0103 un proces \u00een care un individ lucreaz\u0103 \u00eempreun\u0103 cu un consilier pentru a explora \u0219i a-\u0219i \u00eembun\u0103t\u0103\u021bi starea general\u0103.<\/p><\/div><\/div>\n<\/div>\n\n\n\n<div class=\"wp-block-uagb-container uagb-block-ab260c20\">\n<div class=\"wp-block-uagb-info-box uagb-block-4ae8bbe8 uagb-infobox__content-wrap  uagb-infobox-icon-above-title uagb-infobox-image-valign-top\"><div class=\"uagb-ifb-content\"><div class=\"uagb-ifb-image-content\"><img decoding=\"async\" src=\"https:\/\/mihaelarosiupsiholog.com\/wp-content\/uploads\/2023\/11\/Terapie-11.webp\" alt=\"\" width=\"100\" height=\"122\" loading=\"lazy\"\/><\/div><div class=\"uagb-ifb-title-wrap\"><h4 class=\"uagb-ifb-title\">Terapie cognitiv-comportamental\u0103<\/h4><\/div><p class=\"uagb-ifb-desc\">Terapia cognitiv-comportamental\u0103 (TCC) este o form\u0103 de terapie psihologic\u0103 centrat\u0103 pe \u00eembun\u0103t\u0103\u021birea st\u0103rii emo\u021bionale \u0219i func\u021bionarea general\u0103 a unei persoane.<\/p><\/div><\/div>\n<\/div>\n\n\n\n<div class=\"wp-block-uagb-container uagb-block-a835bead\">\n<div class=\"wp-block-uagb-info-box uagb-block-1a00df89 uagb-infobox__content-wrap  uagb-infobox-icon-above-title uagb-infobox-image-valign-top\"><div class=\"uagb-ifb-content\"><div class=\"uagb-ifb-image-content\"><img decoding=\"async\" src=\"https:\/\/mihaelarosiupsiholog.com\/wp-content\/uploads\/2023\/11\/Terapie-13.webp\" alt=\"\" width=\"100\" height=\"122\" loading=\"lazy\"\/><\/div><div class=\"uagb-ifb-title-wrap\"><h4 class=\"uagb-ifb-title\">Terapia tulbur\u0103rilor de limbaj (logopedie)<\/h4><\/div><p class=\"uagb-ifb-desc\">Terapia tulbur\u0103rilor de limbaj, realizat\u0103 de logopezi, se concentreaz\u0103 pe evaluarea \u0219i interven\u021bia \u00een cazul dificult\u0103\u021bilor legate de limbajul vorbit \u0219i scris.<\/p><\/div><\/div>\n<\/div>\n<\/div><\/div>\n\n\n\n<div class=\"wp-block-uagb-container uagb-block-c8b7af8e alignfull uagb-is-root-container\"><div class=\"uagb-container-inner-blocks-wrap\">\n<div class=\"wp-block-uagb-container uagb-block-a49aac66\">\n<div class=\"wp-block-uagb-info-box uagb-block-878ee58a uagb-infobox__content-wrap  uagb-infobox-icon-above-title uagb-infobox-image-valign-top\"><div class=\"uagb-ifb-content\"><div class=\"uagb-ifb-image-content\"><img decoding=\"async\" src=\"https:\/\/mihaelarosiupsiholog.com\/wp-content\/uploads\/2023\/11\/Terapie-4.webp\" alt=\"\" width=\"100\" height=\"122\" loading=\"lazy\"\/><\/div><div class=\"uagb-ifb-title-wrap\"><h4 class=\"uagb-ifb-title\">Terapie adul\u021bi \/ de cuplu<\/h4><\/div><p class=\"uagb-ifb-desc\">Terapia pentru adul\u021bi sau de cuplu reprezint\u0103 un proces de consiliere specializat, care vizeaz\u0103 \u00eembun\u0103t\u0103\u021birea bun\u0103st\u0103rii individuale sau rela\u021bionale.<\/p><\/div><\/div>\n<\/div>\n\n\n\n<div class=\"wp-block-uagb-container uagb-block-3b711dea\">\n<div class=\"wp-block-uagb-info-box uagb-block-1f7d7136 uagb-infobox__content-wrap  uagb-infobox-icon-above-title uagb-infobox-image-valign-top\"><div class=\"uagb-ifb-content\"><div class=\"uagb-ifb-image-content\"><img decoding=\"async\" src=\"https:\/\/mihaelarosiupsiholog.com\/wp-content\/uploads\/2023\/11\/Terapie-5.webp\" alt=\"\" width=\"100\" height=\"122\" loading=\"lazy\"\/><\/div><div class=\"uagb-ifb-title-wrap\"><h4 class=\"uagb-ifb-title\">Terapie prin art\u0103<\/h4><\/div><p class=\"uagb-ifb-desc\">Terapia prin art\u0103 este o form\u0103 de interven\u021bie terapeutic\u0103 care utilizeaz\u0103 procesul creativ \u0219i exprimarea artistic\u0103 pentru a sprijini explorarea emo\u021biilor \u0219i \u00eembun\u0103t\u0103\u021birea st\u0103rii de bine.<\/p><\/div><\/div>\n<\/div>\n\n\n\n<div class=\"wp-block-uagb-container uagb-block-c62d6b91\">\n<div class=\"wp-block-uagb-info-box uagb-block-33370e3c uagb-infobox__content-wrap  uagb-infobox-icon-above-title uagb-infobox-image-valign-top\"><div class=\"uagb-ifb-content\"><div class=\"uagb-ifb-image-content\"><img decoding=\"async\" src=\"https:\/\/mihaelarosiupsiholog.com\/wp-content\/uploads\/2023\/11\/Terapie-6.webp\" alt=\"\" width=\"100\" height=\"122\" loading=\"lazy\"\/><\/div><div class=\"uagb-ifb-title-wrap\"><h4 class=\"uagb-ifb-title\">Psihoterapie integrativ\u0103<\/h4><\/div><p class=\"uagb-ifb-desc\">Psihoterapia integrativ\u0103 este o abordare terapeutic\u0103 care \u00eembin\u0103 tehnici \u0219i principii din mai multe modalit\u0103\u021bi diferite de psihoterapie, integr\u00e2nd aspecte din diverse \u0219coli \u0219i orient\u0103ri psihologice.<\/p><\/div><\/div>\n<\/div>\n<\/div><\/div>\n\n\n\n<div class=\"wp-block-uagb-container uagb-block-c8a01c6e alignfull uagb-is-root-container\"><div class=\"uagb-container-inner-blocks-wrap\">\n<div class=\"wp-block-uagb-container uagb-block-d2a76066\">\n<div class=\"wp-block-uagb-info-box uagb-block-904455ed uagb-infobox__content-wrap  uagb-infobox-icon-above-title uagb-infobox-image-valign-top\"><div class=\"uagb-ifb-content\"><div class=\"uagb-ifb-title-wrap\"><h2 class=\"uagb-ifb-title\">DESPRE MINE<\/h2><\/div><p class=\"uagb-ifb-desc\">Psiholog clinician copii \u0219i adul\u021bi, Evaluare psihologic\u0103, Consilier dezvoltare personal\u0103, Terapeut ABA, Psihoterapeut Integrativ \u0219i Profesor logoped C.J.R.A.E. Constan\u021ba.<\/p><\/div><\/div>\n<\/div>\n\n\n\n<div class=\"wp-block-uagb-container uagb-block-f96bd569\">\n<div class=\"wp-block-uagb-image uagb-block-879b1f5c wp-block-uagb-image--layout-default wp-block-uagb-image--effect-static wp-block-uagb-image--align-none\"><figure class=\"wp-block-uagb-image__figure\"><img decoding=\"async\" srcset=\"https:\/\/mihaelarosiupsiholog.com\/wp-content\/uploads\/2023\/11\/About-me-1024x741.webp ,https:\/\/mihaelarosiupsiholog.com\/wp-content\/uploads\/2023\/11\/About-me-scaled.webp 780w, https:\/\/mihaelarosiupsiholog.com\/wp-content\/uploads\/2023\/11\/About-me-scaled.webp 360w\" sizes=\"(max-width: 480px) 150px\" src=\"https:\/\/mihaelarosiupsiholog.com\/wp-content\/uploads\/2023\/11\/About-me-1024x741.webp\" alt=\"\" class=\"uag-image-1041\" width=\"1024\" height=\"741\" title=\"\" loading=\"lazy\"\/><\/figure><\/div>\n<\/div>\n<\/div><\/div>\n\n\n\n<div class=\"wp-block-uagb-container uagb-block-af490483 alignfull uagb-is-root-container\"><div class=\"uagb-container-inner-blocks-wrap\">\n<div class=\"wp-block-uagb-call-to-action uagb-block-44ec8c13 wp-block-button\"><div class=\"uagb-cta__wrap\"><h2 class=\"uagb-cta__title\">CONTACT<\/h2><p class=\"uagb-cta__desc\">Ave\u021bi \u00eentreb\u0103ri? M\u0103 pute\u021bi contacta prin metodele de mai jos. <\/p><\/div><div class=\"uagb-cta__buttons\"><a href=\"\/\/mihaelarosiupsiholog.com\/?page_id=444\" class=\"uagb-cta__button-link-wrapper wp-block-button__link\" target=\"_self\" rel=\"noopener noreferrer\">CONTACTA\u021aI-M\u0102<\/a><\/div><\/div>\n<\/div><\/div>\n","protected":false},"excerpt":{"rendered":"<p>MIHAELA RO\u0218IU\u200b PSIHOLOG PSIHOLOGIE \u0218I PSIHOTERAPIE CONSTAN\u021aA<\/p>\n","protected":false},"author":1,"featured_media":0,"parent":0,"menu_order":0,"comment_status":"closed","ping_status":"closed","template":"","meta":{"_uag_custom_page_level_css":"","site-sidebar-layout":"default","site-content-layout":"page-builder","ast-site-content-layout":"full-width-container","site-content-style":"unboxed","site-sidebar-style":"unboxed","ast-global-header-display":"","ast-banner-title-visibility":"","ast-main-header-display":"","ast-hfb-above-header-display":"","ast-hfb-below-header-display":"","ast-hfb-mobile-header-display":"","site-post-title":"disabled","ast-breadcrumbs-content":"","ast-featured-img":"","footer-sml-layout":"","ast-disable-related-posts":"","theme-transparent-header-meta":"enabled","adv-header-id-meta":"","stick-header-meta":"","header-above-stick-meta":"","header-main-stick-meta":"","header-below-stick-meta":"","astra-migrate-meta-layouts":"set","ast-page-background-enabled":"default","ast-page-background-meta":{"desktop":{"background-color":"var(--ast-global-color-4)","background-image":"","background-repeat":"repeat","background-position":"center center","background-size":"auto","background-attachment":"scroll","background-type":"","background-media":"","overlay-type":"","overlay-color":"","overlay-opacity":"","overlay-gradient":""},"tablet":{"background-color":"","background-image":"","background-repeat":"repeat","background-position":"center center","background-size":"auto","background-attachment":"scroll","background-type":"","background-media":"","overlay-type":"","overlay-color":"","overlay-opacity":"","overlay-gradient":""},"mobile":{"background-color":"","background-image":"","background-repeat":"repeat","background-position":"center center","background-size":"auto","background-attachment":"scroll","background-type":"","background-media":"","overlay-type":"","overlay-color":"","overlay-opacity":"","overlay-gradient":""}},"ast-content-background-meta":{"desktop":{"background-color":"var(--ast-global-color-5)","background-image":"","background-repeat":"repeat","background-position":"center center","background-size":"auto","background-attachment":"scroll","background-type":"","background-media":"","overlay-type":"","overlay-color":"","overlay-opacity":"","overlay-gradient":""},"tablet":{"background-color":"var(--ast-global-color-5)","background-image":"","background-repeat":"repeat","background-position":"center center","background-size":"auto","background-attachment":"scroll","background-type":"","background-media":"","overlay-type":"","overlay-color":"","overlay-opacity":"","overlay-gradient":""},"mobile":{"background-color":"var(--ast-global-color-5)","background-image":"","background-repeat":"repeat","background-position":"center center","background-size":"auto","background-attachment":"scroll","background-type":"","background-media":"","overlay-type":"","overlay-color":"","overlay-opacity":"","overlay-gradient":""}},"footnotes":""},"jetpack_sharing_enabled":true,"uagb_featured_image_src":{"full":false,"thumbnail":false,"medium":false,"medium_large":false,"large":false,"1536x1536":false,"2048x2048":false},"uagb_author_info":{"display_name":"mihaelarosiupsiholog.com","author_link":"https:\/\/mihaelarosiupsiholog.com\/?author=1"},"uagb_comment_info":0,"uagb_excerpt":"MIHAELA RO\u0218IU\u200b PSIHOLOG PSIHOLOGIE \u0218I PSIHOTERAPIE CONSTAN\u021aA","_links":{"self":[{"href":"https:\/\/mihaelarosiupsiholog.com\/index.php?rest_route=\/wp\/v2\/pages\/78"}],"collection":[{"href":"https:\/\/mihaelarosiupsiholog.com\/index.php?rest_route=\/wp\/v2\/pages"}],"about":[{"href":"https:\/\/mihaelarosiupsiholog.com\/index.php?rest_route=\/wp\/v2\/types\/page"}],"author":[{"embeddable":true,"href":"https:\/\/mihaelarosiupsiholog.com\/index.php?rest_route=\/wp\/v2\/users\/1"}],"replies":[{"embeddable":true,"href":"https:\/\/mihaelarosiupsiholog.com\/index.php?rest_route=%2Fwp%2Fv2%2Fcomments&post=78"}],"version-history":[{"count":65,"href":"https:\/\/mihaelarosiupsiholog.com\/index.php?rest_route=\/wp\/v2\/pages\/78\/revisions"}],"predecessor-version":[{"id":1205,"href":"https:\/\/mihaelarosiupsiholog.com\/index.php?rest_route=\/wp\/v2\/pages\/78\/revisions\/1205"}],"wp:attachment":[{"href":"https:\/\/mihaelarosiupsiholog.com\/index.php?rest_route=%2Fwp%2Fv2%2Fmedia&parent=78"}],"curies":[{"name":"wp","href":"https:\/\/api.w.org\/{rel}","templated":true}]}}