{"id":879,"date":"2022-10-17T07:27:30","date_gmt":"2022-10-17T07:27:30","guid":{"rendered":"https:\/\/mihaelarosiupsiholog.com\/?page_id=879"},"modified":"2023-12-21T12:10:39","modified_gmt":"2023-12-21T10:10:39","slug":"about-2","status":"publish","type":"page","link":"https:\/\/mihaelarosiupsiholog.com\/?page_id=879","title":{"rendered":"Despre mine"},"content":{"rendered":"\n<div class=\"wp-block-uagb-container uagb-block-c519c12d alignfull uagb-is-root-container\"><div class=\"uagb-container-inner-blocks-wrap\">\n<div class=\"wp-block-uagb-advanced-heading uagb-block-da94fd2c\"><h1 class=\"uagb-heading-text\">DESPRE MINE<\/h1><\/div>\n<\/div><\/div>\n\n\n\n<div class=\"wp-block-uagb-container uagb-block-c1107f9e alignfull uagb-is-root-container\"><div class=\"uagb-container-inner-blocks-wrap\">\n<div class=\"wp-block-uagb-container uagb-block-c93b1cdb\">\n<div class=\"wp-block-uagb-image uagb-block-c87c2e84 wp-block-uagb-image--layout-default wp-block-uagb-image--effect-static wp-block-uagb-image--align-none\"><figure class=\"wp-block-uagb-image__figure\"><img decoding=\"async\" srcset=\"https:\/\/mihaelarosiupsiholog.com\/wp-content\/uploads\/2023\/11\/About-me-1024x741.webp ,https:\/\/mihaelarosiupsiholog.com\/wp-content\/uploads\/2023\/11\/About-me-scaled.webp 780w, https:\/\/mihaelarosiupsiholog.com\/wp-content\/uploads\/2023\/11\/About-me-300x217.webp 360w\" sizes=\"(max-width: 480px) 150px\" src=\"https:\/\/mihaelarosiupsiholog.com\/wp-content\/uploads\/2023\/11\/About-me-1024x741.webp\" alt=\"\" class=\"uag-image-1041\" width=\"1024\" height=\"762\" title=\"\" loading=\"lazy\"\/><\/figure><\/div>\n<\/div>\n\n\n\n<div class=\"wp-block-uagb-container uagb-block-ce29a357\">\n<div class=\"wp-block-uagb-info-box uagb-block-fc0d3afc uagb-infobox__content-wrap  uagb-infobox-icon-above-title uagb-infobox-image-valign-top\"><div class=\"uagb-ifb-content\"><div class=\"uagb-ifb-title-wrap\"><h2 class=\"uagb-ifb-title\">DESPRE MINE<\/h2><\/div><p class=\"uagb-ifb-desc\">Psiholog clinician copii \u0219i adul\u021bi, Evaluare psihologic\u0103, Consilier dezvoltare personal\u0103, Terapeut ABA, Psihoterapeut Integrativ \u0219i Profesor logoped C.J.R.A.E. Constan\u021ba.<\/p><\/div><\/div>\n<\/div>\n<\/div><\/div>\n\n\n\n<p class=\"has-text-align-center\" style=\"padding-top:0px;padding-bottom:0\">Cu o experien\u021b\u0103 bogat\u0103 \u00een domeniul psihologiei clinice \u0219i logopediei, \u00eei sus\u021bin pe &nbsp;copii, adolescen\u021bi \u0219i adul\u021bi s\u0103 \u00ee\u0219i dep\u0103\u0219easc\u0103 obstacolele \u0219i s\u0103 \u00ee\u0219i dezvolte poten\u021bialul maxim.&nbsp; Prin abordarea mea empatic\u0103 \u0219i orientat\u0103 spre rezultate, m\u0103 asigur c\u0103 fiecare client beneficiaz\u0103 de sprijinul \u0219i ghidarea necesare pentru a-\u0219i atinge obiectivele \u0219i pentru a-\u0219i \u00eembun\u0103t\u0103\u021bi calitatea vie\u021bii.<\/p>\n\n\n\n<p class=\"has-text-align-center\" style=\"padding-top:0px;padding-bottom:100px\">Experien\u021ba m-a \u00eenv\u0103\u021bat c\u0103 fiecare persoan\u0103 are propriul s\u0103u drum \u0219i c\u0103 fiecare poveste este unic\u0103. Prin ascultare activ\u0103, \u00een\u021belegere \u0219i comunicare deschis\u0103, creez un mediu de \u00eencredere \u00een care clien\u021bii pot explora \u0219i exprima liber g\u00e2ndurile \u0219i emo\u021biile lor.&nbsp;<\/p>\n\n\n\n<div class=\"wp-block-uagb-container uagb-block-af490483 alignfull uagb-is-root-container\"><div class=\"uagb-container-inner-blocks-wrap\">\n<div class=\"wp-block-uagb-call-to-action uagb-block-44ec8c13 wp-block-button\"><div class=\"uagb-cta__wrap\"><h2 class=\"uagb-cta__title\">CONTACT<\/h2><p class=\"uagb-cta__desc\">Ave\u021bi \u00eentreb\u0103ri? M\u0103 pute\u021bi contacta prin metodele de mai jos. <\/p><\/div><div class=\"uagb-cta__buttons\"><a href=\"\/\/mihaelarosiupsiholog.com\/?page_id=444\" class=\"uagb-cta__button-link-wrapper wp-block-button__link\" target=\"_self\" rel=\"noopener noreferrer\">CONTACTA\u021aI-M\u0102<\/a><\/div><\/div>\n<\/div><\/div>\n","protected":false},"excerpt":{"rendered":"<p>DESPRE MINE Cu o experien\u021b\u0103 bogat\u0103 \u00een domeniul psihologiei clinice \u0219i logopediei, \u00eei sus\u021bin pe &nbsp;copii, adolescen\u021bi \u0219i adul\u021bi s\u0103 \u00ee\u0219i dep\u0103\u0219easc\u0103 obstacolele \u0219i s\u0103 \u00ee\u0219i dezvolte poten\u021bialul maxim.&nbsp; Prin abordarea mea empatic\u0103 \u0219i orientat\u0103 spre rezultate, m\u0103 asigur c\u0103 fiecare client beneficiaz\u0103 de sprijinul \u0219i ghidarea necesare pentru a-\u0219i atinge obiectivele \u0219i pentru a-\u0219i [&hellip;]<\/p>\n","protected":false},"author":1,"featured_media":0,"parent":0,"menu_order":0,"comment_status":"closed","ping_status":"closed","template":"","meta":{"_uag_custom_page_level_css":"","site-sidebar-layout":"default","site-content-layout":"","ast-site-content-layout":"default","site-content-style":"default","site-sidebar-style":"default","ast-global-header-display":"","ast-banner-title-visibility":"","ast-main-header-display":"","ast-hfb-above-header-display":"","ast-hfb-below-header-display":"","ast-hfb-mobile-header-display":"","site-post-title":"disabled","ast-breadcrumbs-content":"","ast-featured-img":"","footer-sml-layout":"","ast-disable-related-posts":"","theme-transparent-header-meta":"enabled","adv-header-id-meta":"","stick-header-meta":"","header-above-stick-meta":"","header-main-stick-meta":"","header-below-stick-meta":"","astra-migrate-meta-layouts":"set","ast-page-background-enabled":"default","ast-page-background-meta":{"desktop":{"background-color":"var(--ast-global-color-4)","background-image":"","background-repeat":"repeat","background-position":"center center","background-size":"auto","background-attachment":"scroll","background-type":"","background-media":"","overlay-type":"","overlay-color":"","overlay-opacity":"","overlay-gradient":""},"tablet":{"background-color":"","background-image":"","background-repeat":"repeat","background-position":"center center","background-size":"auto","background-attachment":"scroll","background-type":"","background-media":"","overlay-type":"","overlay-color":"","overlay-opacity":"","overlay-gradient":""},"mobile":{"background-color":"","background-image":"","background-repeat":"repeat","background-position":"center center","background-size":"auto","background-attachment":"scroll","background-type":"","background-media":"","overlay-type":"","overlay-color":"","overlay-opacity":"","overlay-gradient":""}},"ast-content-background-meta":{"desktop":{"background-color":"var(--ast-global-color-5)","background-image":"","background-repeat":"repeat","background-position":"center center","background-size":"auto","background-attachment":"scroll","background-type":"","background-media":"","overlay-type":"","overlay-color":"","overlay-opacity":"","overlay-gradient":""},"tablet":{"background-color":"var(--ast-global-color-5)","background-image":"","background-repeat":"repeat","background-position":"center center","background-size":"auto","background-attachment":"scroll","background-type":"","background-media":"","overlay-type":"","overlay-color":"","overlay-opacity":"","overlay-gradient":""},"mobile":{"background-color":"var(--ast-global-color-5)","background-image":"","background-repeat":"repeat","background-position":"center center","background-size":"auto","background-attachment":"scroll","background-type":"","background-media":"","overlay-type":"","overlay-color":"","overlay-opacity":"","overlay-gradient":""}},"footnotes":""},"jetpack_sharing_enabled":true,"uagb_featured_image_src":{"full":false,"thumbnail":false,"medium":false,"medium_large":false,"large":false,"1536x1536":false,"2048x2048":false},"uagb_author_info":{"display_name":"mihaelarosiupsiholog.com","author_link":"https:\/\/mihaelarosiupsiholog.com\/?author=1"},"uagb_comment_info":0,"uagb_excerpt":"DESPRE MINE Cu o experien\u021b\u0103 bogat\u0103 \u00een domeniul psihologiei clinice \u0219i logopediei, \u00eei sus\u021bin pe &nbsp;copii, adolescen\u021bi \u0219i adul\u021bi s\u0103 \u00ee\u0219i dep\u0103\u0219easc\u0103 obstacolele \u0219i s\u0103 \u00ee\u0219i dezvolte poten\u021bialul maxim.&nbsp; Prin abordarea mea empatic\u0103 \u0219i orientat\u0103 spre rezultate, m\u0103 asigur c\u0103 fiecare client beneficiaz\u0103 de sprijinul \u0219i ghidarea necesare pentru a-\u0219i atinge obiectivele \u0219i pentru a-\u0219i&hellip;","_links":{"self":[{"href":"https:\/\/mihaelarosiupsiholog.com\/index.php?rest_route=\/wp\/v2\/pages\/879"}],"collection":[{"href":"https:\/\/mihaelarosiupsiholog.com\/index.php?rest_route=\/wp\/v2\/pages"}],"about":[{"href":"https:\/\/mihaelarosiupsiholog.com\/index.php?rest_route=\/wp\/v2\/types\/page"}],"author":[{"embeddable":true,"href":"https:\/\/mihaelarosiupsiholog.com\/index.php?rest_route=\/wp\/v2\/users\/1"}],"replies":[{"embeddable":true,"href":"https:\/\/mihaelarosiupsiholog.com\/index.php?rest_route=%2Fwp%2Fv2%2Fcomments&post=879"}],"version-history":[{"count":20,"href":"https:\/\/mihaelarosiupsiholog.com\/index.php?rest_route=\/wp\/v2\/pages\/879\/revisions"}],"predecessor-version":[{"id":1204,"href":"https:\/\/mihaelarosiupsiholog.com\/index.php?rest_route=\/wp\/v2\/pages\/879\/revisions\/1204"}],"wp:attachment":[{"href":"https:\/\/mihaelarosiupsiholog.com\/index.php?rest_route=%2Fwp%2Fv2%2Fmedia&parent=879"}],"curies":[{"name":"wp","href":"https:\/\/api.w.org\/{rel}","templated":true}]}}